{"id":31,"date":"2023-01-25T14:01:38","date_gmt":"2023-01-25T13:01:38","guid":{"rendered":"http:\/\/makubi.cz\/?page_id=31"},"modified":"2023-01-25T14:10:19","modified_gmt":"2023-01-25T13:10:19","slug":"kontakt","status":"publish","type":"page","link":"https:\/\/makubi.cz\/?page_id=31","title":{"rendered":"Kontakt"},"content":{"rendered":"\n<div class=\"wp-block-contact-form-7-contact-form-selector\"><div class=\"wpcf7 no-js\" id=\"wpcf7-f29-o1\" lang=\"cs-CZ\" dir=\"ltr\">\n<div class=\"screen-reader-response\"><p role=\"status\" aria-live=\"polite\" aria-atomic=\"true\"><\/p> <ul><\/ul><\/div>\n<form action=\"\/index.php?rest_route=%2Fwp%2Fv2%2Fpages%2F31#wpcf7-f29-o1\" method=\"post\" class=\"wpcf7-form init\" aria-label=\"Kontaktn\u00ed formul\u00e1\u0159\" novalidate=\"novalidate\" data-status=\"init\">\n<div style=\"display: none;\">\n<input type=\"hidden\" name=\"_wpcf7\" value=\"29\" \/>\n<input type=\"hidden\" name=\"_wpcf7_version\" value=\"5.7.2\" \/>\n<input type=\"hidden\" name=\"_wpcf7_locale\" value=\"cs_CZ\" \/>\n<input type=\"hidden\" name=\"_wpcf7_unit_tag\" value=\"wpcf7-f29-o1\" \/>\n<input type=\"hidden\" name=\"_wpcf7_container_post\" value=\"0\" \/>\n<input type=\"hidden\" name=\"_wpcf7_posted_data_hash\" value=\"\" \/>\n<\/div>\n<p><label> Va\u0161e jm\u00e9no<br \/>\n<span class=\"wpcf7-form-control-wrap\" data-name=\"your-name\"><input size=\"40\" class=\"wpcf7-form-control wpcf7-text wpcf7-validates-as-required\" autocomplete=\"name\" aria-required=\"true\" aria-invalid=\"false\" value=\"\" type=\"text\" name=\"your-name\" \/><\/span> <\/label>\n<\/p>\n<p><label> V\u00e1\u0161 e-mail<br \/>\n<span class=\"wpcf7-form-control-wrap\" data-name=\"your-email\"><input size=\"40\" class=\"wpcf7-form-control wpcf7-text wpcf7-email wpcf7-validates-as-required wpcf7-validates-as-email\" autocomplete=\"email\" aria-required=\"true\" aria-invalid=\"false\" value=\"\" type=\"email\" name=\"your-email\" \/><\/span> <\/label>\n<\/p>\n<p><label> P\u0159edm\u011bt<br \/>\n<span class=\"wpcf7-form-control-wrap\" data-name=\"your-subject\"><input size=\"40\" class=\"wpcf7-form-control wpcf7-text wpcf7-validates-as-required\" aria-required=\"true\" aria-invalid=\"false\" value=\"\" type=\"text\" name=\"your-subject\" \/><\/span> <\/label>\n<\/p>\n<p><label> Va\u0161e zpr\u00e1va (voliteln\u00fd)<br \/>\n<span class=\"wpcf7-form-control-wrap\" data-name=\"your-message\"><textarea cols=\"40\" rows=\"10\" class=\"wpcf7-form-control wpcf7-textarea\" aria-invalid=\"false\" name=\"your-message\"><\/textarea><\/span> <\/label>\n<\/p>\n<p><input class=\"wpcf7-form-control has-spinner wpcf7-submit\" type=\"submit\" value=\"Odeslat\" \/>\n<\/p><div class=\"wpcf7-response-output\" aria-hidden=\"true\"><\/div><\/form><\/div><\/div>\n","protected":false},"excerpt":{"rendered":"","protected":false},"author":1,"featured_media":0,"parent":0,"menu_order":0,"comment_status":"closed","ping_status":"closed","template":"","meta":{"neve_meta_sidebar":"","neve_meta_container":"","neve_meta_enable_content_width":"","neve_meta_content_width":0,"neve_meta_title_alignment":"","neve_meta_author_avatar":"","neve_post_elements_order":"","neve_meta_disable_header":"","neve_meta_disable_footer":"","neve_meta_disable_title":"","ngg_post_thumbnail":0,"_themeisle_gutenberg_block_has_review":false,"_ti_tpc_template_sync":false,"_ti_tpc_template_id":"","footnotes":""},"class_list":["post-31","page","type-page","status-publish","hentry"],"yoast_head":"<!-- This site is optimized with the Yoast SEO plugin v20.0 - https:\/\/yoast.com\/wordpress\/plugins\/seo\/ -->\n<title>Kontakt - Stavebn\u00ed firma Veversk\u00e9 Kn\u00ednice<\/title>\n<meta name=\"robots\" content=\"index, follow, max-snippet:-1, max-image-preview:large, max-video-preview:-1\" \/>\n<link rel=\"canonical\" href=\"https:\/\/makubi.cz\/?page_id=31\" \/>\n<meta property=\"og:locale\" content=\"cs_CZ\" \/>\n<meta property=\"og:type\" content=\"article\" \/>\n<meta property=\"og:title\" content=\"Kontakt - Stavebn\u00ed firma Veversk\u00e9 Kn\u00ednice\" \/>\n<meta property=\"og:url\" content=\"https:\/\/makubi.cz\/?page_id=31\" \/>\n<meta property=\"og:site_name\" content=\"Stavebn\u00ed firma Veversk\u00e9 Kn\u00ednice\" \/>\n<meta property=\"article:modified_time\" content=\"2023-01-25T13:10:19+00:00\" \/>\n<meta name=\"twitter:card\" content=\"summary_large_image\" \/>\n<script type=\"application\/ld+json\" class=\"yoast-schema-graph\">{\"@context\":\"https:\/\/schema.org\",\"@graph\":[{\"@type\":\"WebPage\",\"@id\":\"https:\/\/makubi.cz\/?page_id=31\",\"url\":\"https:\/\/makubi.cz\/?page_id=31\",\"name\":\"Kontakt - Stavebn\u00ed firma Veversk\u00e9 Kn\u00ednice\",\"isPartOf\":{\"@id\":\"https:\/\/makubi.cz\/#website\"},\"datePublished\":\"2023-01-25T13:01:38+00:00\",\"dateModified\":\"2023-01-25T13:10:19+00:00\",\"breadcrumb\":{\"@id\":\"https:\/\/makubi.cz\/?page_id=31#breadcrumb\"},\"inLanguage\":\"cs\",\"potentialAction\":[{\"@type\":\"ReadAction\",\"target\":[\"https:\/\/makubi.cz\/?page_id=31\"]}]},{\"@type\":\"BreadcrumbList\",\"@id\":\"https:\/\/makubi.cz\/?page_id=31#breadcrumb\",\"itemListElement\":[{\"@type\":\"ListItem\",\"position\":1,\"name\":\"Dom\u016f\",\"item\":\"https:\/\/makubi.cz\/\"},{\"@type\":\"ListItem\",\"position\":2,\"name\":\"Kontakt\"}]},{\"@type\":\"WebSite\",\"@id\":\"https:\/\/makubi.cz\/#website\",\"url\":\"https:\/\/makubi.cz\/\",\"name\":\"Stavebn\u00ed firma Veversk\u00e9 Kn\u00ednice\",\"description\":\"Stavebn\u00ed firma Veversk\u00e9 Kn\u00ednice\",\"publisher\":{\"@id\":\"https:\/\/makubi.cz\/#organization\"},\"alternateName\":\"stavebn\u00ed firma Veverske Kninice\",\"potentialAction\":[{\"@type\":\"SearchAction\",\"target\":{\"@type\":\"EntryPoint\",\"urlTemplate\":\"https:\/\/makubi.cz\/?s={search_term_string}\"},\"query-input\":\"required name=search_term_string\"}],\"inLanguage\":\"cs\"},{\"@type\":\"Organization\",\"@id\":\"https:\/\/makubi.cz\/#organization\",\"name\":\"Makubi s.r.o\",\"alternateName\":\"Stavebni firma Veverske Kninice\",\"url\":\"https:\/\/makubi.cz\/\",\"logo\":{\"@type\":\"ImageObject\",\"inLanguage\":\"cs\",\"@id\":\"https:\/\/makubi.cz\/#\/schema\/logo\/image\/\",\"url\":\"https:\/\/makubi.cz\/wp-content\/uploads\/2023\/01\/logo-1.jpg\",\"contentUrl\":\"https:\/\/makubi.cz\/wp-content\/uploads\/2023\/01\/logo-1.jpg\",\"width\":650,\"height\":301,\"caption\":\"Makubi s.r.o\"},\"image\":{\"@id\":\"https:\/\/makubi.cz\/#\/schema\/logo\/image\/\"}}]}<\/script>\n<!-- \/ Yoast SEO plugin. -->","yoast_head_json":{"title":"Kontakt - Stavebn\u00ed firma Veversk\u00e9 Kn\u00ednice","robots":{"index":"index","follow":"follow","max-snippet":"max-snippet:-1","max-image-preview":"max-image-preview:large","max-video-preview":"max-video-preview:-1"},"canonical":"https:\/\/makubi.cz\/?page_id=31","og_locale":"cs_CZ","og_type":"article","og_title":"Kontakt - Stavebn\u00ed firma Veversk\u00e9 Kn\u00ednice","og_url":"https:\/\/makubi.cz\/?page_id=31","og_site_name":"Stavebn\u00ed firma Veversk\u00e9 Kn\u00ednice","article_modified_time":"2023-01-25T13:10:19+00:00","twitter_card":"summary_large_image","schema":{"@context":"https:\/\/schema.org","@graph":[{"@type":"WebPage","@id":"https:\/\/makubi.cz\/?page_id=31","url":"https:\/\/makubi.cz\/?page_id=31","name":"Kontakt - Stavebn\u00ed firma Veversk\u00e9 Kn\u00ednice","isPartOf":{"@id":"https:\/\/makubi.cz\/#website"},"datePublished":"2023-01-25T13:01:38+00:00","dateModified":"2023-01-25T13:10:19+00:00","breadcrumb":{"@id":"https:\/\/makubi.cz\/?page_id=31#breadcrumb"},"inLanguage":"cs","potentialAction":[{"@type":"ReadAction","target":["https:\/\/makubi.cz\/?page_id=31"]}]},{"@type":"BreadcrumbList","@id":"https:\/\/makubi.cz\/?page_id=31#breadcrumb","itemListElement":[{"@type":"ListItem","position":1,"name":"Dom\u016f","item":"https:\/\/makubi.cz\/"},{"@type":"ListItem","position":2,"name":"Kontakt"}]},{"@type":"WebSite","@id":"https:\/\/makubi.cz\/#website","url":"https:\/\/makubi.cz\/","name":"Stavebn\u00ed firma Veversk\u00e9 Kn\u00ednice","description":"Stavebn\u00ed firma Veversk\u00e9 Kn\u00ednice","publisher":{"@id":"https:\/\/makubi.cz\/#organization"},"alternateName":"stavebn\u00ed firma Veverske Kninice","potentialAction":[{"@type":"SearchAction","target":{"@type":"EntryPoint","urlTemplate":"https:\/\/makubi.cz\/?s={search_term_string}"},"query-input":"required name=search_term_string"}],"inLanguage":"cs"},{"@type":"Organization","@id":"https:\/\/makubi.cz\/#organization","name":"Makubi s.r.o","alternateName":"Stavebni firma Veverske Kninice","url":"https:\/\/makubi.cz\/","logo":{"@type":"ImageObject","inLanguage":"cs","@id":"https:\/\/makubi.cz\/#\/schema\/logo\/image\/","url":"https:\/\/makubi.cz\/wp-content\/uploads\/2023\/01\/logo-1.jpg","contentUrl":"https:\/\/makubi.cz\/wp-content\/uploads\/2023\/01\/logo-1.jpg","width":650,"height":301,"caption":"Makubi s.r.o"},"image":{"@id":"https:\/\/makubi.cz\/#\/schema\/logo\/image\/"}}]}},"_links":{"self":[{"href":"https:\/\/makubi.cz\/index.php?rest_route=\/wp\/v2\/pages\/31","targetHints":{"allow":["GET"]}}],"collection":[{"href":"https:\/\/makubi.cz\/index.php?rest_route=\/wp\/v2\/pages"}],"about":[{"href":"https:\/\/makubi.cz\/index.php?rest_route=\/wp\/v2\/types\/page"}],"author":[{"embeddable":true,"href":"https:\/\/makubi.cz\/index.php?rest_route=\/wp\/v2\/users\/1"}],"replies":[{"embeddable":true,"href":"https:\/\/makubi.cz\/index.php?rest_route=%2Fwp%2Fv2%2Fcomments&post=31"}],"version-history":[{"count":2,"href":"https:\/\/makubi.cz\/index.php?rest_route=\/wp\/v2\/pages\/31\/revisions"}],"predecessor-version":[{"id":35,"href":"https:\/\/makubi.cz\/index.php?rest_route=\/wp\/v2\/pages\/31\/revisions\/35"}],"wp:attachment":[{"href":"https:\/\/makubi.cz\/index.php?rest_route=%2Fwp%2Fv2%2Fmedia&parent=31"}],"curies":[{"name":"wp","href":"https:\/\/api.w.org\/{rel}","templated":true}]}}