{"id":312,"date":"2020-01-23T18:21:52","date_gmt":"2020-01-23T18:21:52","guid":{"rendered":"https:\/\/demosites.io\/web-agency-gb\/?page_id=61"},"modified":"2023-01-27T14:48:07","modified_gmt":"2023-01-27T13:48:07","slug":"15c42-web-agency-gb-about-us","status":"publish","type":"page","link":"https:\/\/makubi.cz\/?page_id=312","title":{"rendered":"O n\u00e1s"},"content":{"rendered":"\n<div class=\"wp-block-cover alignfull\" style=\"min-height:300px;aspect-ratio:unset;\"><span aria-hidden=\"true\" class=\"wp-block-cover__background has-nv-site-bg-background-color has-background-dim-100 has-background-dim\"><\/span><div class=\"wp-block-cover__inner-container is-layout-flow wp-block-cover-is-layout-flow\">\n<div class=\"wp-block-group\"><div class=\"wp-block-group__inner-container is-layout-flow wp-block-group-is-layout-flow\">\n<h1 class=\"has-text-align-left has-neve-text-color-color has-text-color wp-block-heading\">O n\u00e1s<\/h1>\n<\/div><\/div>\n<\/div><\/div>\n\n\n\n<div class=\"wp-block-cover alignfull\" style=\"min-height:600px;aspect-ratio:unset;\"><span aria-hidden=\"true\" class=\"wp-block-cover__background has-nv-light-bg-background-color has-background-dim-100 has-background-dim\"><\/span><div class=\"wp-block-cover__inner-container is-layout-flow wp-block-cover-is-layout-flow\">\n<div class=\"wp-block-group\"><div class=\"wp-block-group__inner-container is-layout-flow wp-block-group-is-layout-flow\">\n<div style=\"height:80px\" aria-hidden=\"true\" class=\"wp-block-spacer\"><\/div>\n\n\n\n<div class=\"wp-block-columns are-vertically-aligned-center has-neve-text-color-color has-text-color is-layout-flex wp-container-core-columns-is-layout-9d6595d7 wp-block-columns-is-layout-flex\">\n<div class=\"wp-block-column is-vertically-aligned-center is-layout-flow wp-block-column-is-layout-flow\" style=\"flex-basis:50%\">\n<figure class=\"wp-block-image size-large\"><img decoding=\"async\" src=\"https:\/\/makubi.cz\/wp-content\/uploads\/2020\/01\/neve-web-design-bg-09.jpg\" alt=\"\" class=\"wp-image-36\"\/><\/figure>\n<\/div>\n\n\n\n<div class=\"wp-block-column is-vertically-aligned-center is-layout-flow wp-block-column-is-layout-flow\" style=\"flex-basis:50%\">\n<h2 class=\"has-neve-text-color-color has-text-color wp-block-heading\">N\u00e1\u0161 p\u0159\u00edb\u011bh<\/h2>\n\n\n\n<p class=\"has-neve-text-color-color has-text-color\">Firma vznikla v roce 2010. Od t\u00e9to doby jsme m\u011bli mo\u017enost realizace r\u016fzn\u00fdch tip\u016f projekt\u016f. Realizujeme jak v\u00fdstavbu rodinn\u00fdch dom\u016f, tak i rekonstrukce star\u0161\u00edch dom\u016f , realizace bytov\u00fdch jader. M\u00e1me za sebou i takov\u00e9 projekty jako jsou opravy h\u0159bitovn\u00edch zd\u00ed, fas\u00e1dy rodinn\u00fdch dom\u016f, rekonstrukce \u0161kolky, opravy obecn\u00edch \u00fa\u0159ad\u016f. <\/p>\n\n\n\n<p>P\u0159i na\u0161\u00ed pr\u00e1ci si zakl\u00e1d\u00e1me na pe\u010dlivosti, rychlosti a t\u00edm i uspo\u0159en\u00e9 \u010d\u00e1stce na\u0161ich klient\u016f<\/p>\n<\/div>\n<\/div>\n\n\n\n<div style=\"height:40px\" aria-hidden=\"true\" class=\"wp-block-spacer\"><\/div>\n<\/div><\/div>\n<\/div><\/div>\n","protected":false},"excerpt":{"rendered":"","protected":false},"author":1,"featured_media":0,"parent":0,"menu_order":0,"comment_status":"closed","ping_status":"closed","template":"","meta":{"neve_meta_sidebar":"default","neve_meta_container":"default","neve_meta_enable_content_width":"on","neve_meta_content_width":100,"neve_meta_title_alignment":"","neve_meta_author_avatar":"","neve_post_elements_order":"","neve_meta_disable_header":"","neve_meta_disable_footer":"","neve_meta_disable_title":"on","ngg_post_thumbnail":0,"_themeisle_gutenberg_block_has_review":false,"_ti_tpc_template_sync":false,"_ti_tpc_template_id":"0qhau2t6eoekosrgo1a2","footnotes":""},"class_list":["post-312","page","type-page","status-publish","hentry"],"yoast_head":"<!-- This site is optimized with the Yoast SEO plugin v20.0 - https:\/\/yoast.com\/wordpress\/plugins\/seo\/ -->\n<title>O n\u00e1s - Stavebn\u00ed firma Veversk\u00e9 Kn\u00ednice<\/title>\n<meta name=\"robots\" content=\"index, follow, max-snippet:-1, max-image-preview:large, max-video-preview:-1\" \/>\n<link rel=\"canonical\" href=\"https:\/\/makubi.cz\/?page_id=312\" \/>\n<meta property=\"og:locale\" content=\"cs_CZ\" \/>\n<meta property=\"og:type\" content=\"article\" \/>\n<meta property=\"og:title\" content=\"O n\u00e1s - Stavebn\u00ed firma Veversk\u00e9 Kn\u00ednice\" \/>\n<meta property=\"og:url\" content=\"https:\/\/makubi.cz\/?page_id=312\" \/>\n<meta property=\"og:site_name\" content=\"Stavebn\u00ed firma Veversk\u00e9 Kn\u00ednice\" \/>\n<meta property=\"article:modified_time\" content=\"2023-01-27T13:48:07+00:00\" \/>\n<meta property=\"og:image\" content=\"http:\/\/makubi.cz\/wp-content\/uploads\/2020\/01\/neve-web-design-bg-09.jpg\" \/>\n<meta name=\"twitter:card\" content=\"summary_large_image\" \/>\n<script type=\"application\/ld+json\" class=\"yoast-schema-graph\">{\"@context\":\"https:\/\/schema.org\",\"@graph\":[{\"@type\":\"WebPage\",\"@id\":\"https:\/\/makubi.cz\/?page_id=312\",\"url\":\"https:\/\/makubi.cz\/?page_id=312\",\"name\":\"O n\u00e1s - Stavebn\u00ed firma Veversk\u00e9 Kn\u00ednice\",\"isPartOf\":{\"@id\":\"https:\/\/makubi.cz\/#website\"},\"datePublished\":\"2020-01-23T18:21:52+00:00\",\"dateModified\":\"2023-01-27T13:48:07+00:00\",\"breadcrumb\":{\"@id\":\"https:\/\/makubi.cz\/?page_id=312#breadcrumb\"},\"inLanguage\":\"cs\",\"potentialAction\":[{\"@type\":\"ReadAction\",\"target\":[\"https:\/\/makubi.cz\/?page_id=312\"]}]},{\"@type\":\"BreadcrumbList\",\"@id\":\"https:\/\/makubi.cz\/?page_id=312#breadcrumb\",\"itemListElement\":[{\"@type\":\"ListItem\",\"position\":1,\"name\":\"Dom\u016f\",\"item\":\"https:\/\/makubi.cz\/\"},{\"@type\":\"ListItem\",\"position\":2,\"name\":\"O n\u00e1s\"}]},{\"@type\":\"WebSite\",\"@id\":\"https:\/\/makubi.cz\/#website\",\"url\":\"https:\/\/makubi.cz\/\",\"name\":\"Stavebn\u00ed firma Veversk\u00e9 Kn\u00ednice\",\"description\":\"Stavebn\u00ed firma Veversk\u00e9 Kn\u00ednice\",\"publisher\":{\"@id\":\"https:\/\/makubi.cz\/#organization\"},\"alternateName\":\"stavebn\u00ed firma Veverske Kninice\",\"potentialAction\":[{\"@type\":\"SearchAction\",\"target\":{\"@type\":\"EntryPoint\",\"urlTemplate\":\"https:\/\/makubi.cz\/?s={search_term_string}\"},\"query-input\":\"required name=search_term_string\"}],\"inLanguage\":\"cs\"},{\"@type\":\"Organization\",\"@id\":\"https:\/\/makubi.cz\/#organization\",\"name\":\"Makubi s.r.o\",\"alternateName\":\"Stavebni firma Veverske Kninice\",\"url\":\"https:\/\/makubi.cz\/\",\"logo\":{\"@type\":\"ImageObject\",\"inLanguage\":\"cs\",\"@id\":\"https:\/\/makubi.cz\/#\/schema\/logo\/image\/\",\"url\":\"https:\/\/makubi.cz\/wp-content\/uploads\/2023\/01\/logo-1.jpg\",\"contentUrl\":\"https:\/\/makubi.cz\/wp-content\/uploads\/2023\/01\/logo-1.jpg\",\"width\":650,\"height\":301,\"caption\":\"Makubi s.r.o\"},\"image\":{\"@id\":\"https:\/\/makubi.cz\/#\/schema\/logo\/image\/\"}}]}<\/script>\n<!-- \/ Yoast SEO plugin. -->","yoast_head_json":{"title":"O n\u00e1s - Stavebn\u00ed firma Veversk\u00e9 Kn\u00ednice","robots":{"index":"index","follow":"follow","max-snippet":"max-snippet:-1","max-image-preview":"max-image-preview:large","max-video-preview":"max-video-preview:-1"},"canonical":"https:\/\/makubi.cz\/?page_id=312","og_locale":"cs_CZ","og_type":"article","og_title":"O n\u00e1s - Stavebn\u00ed firma Veversk\u00e9 Kn\u00ednice","og_url":"https:\/\/makubi.cz\/?page_id=312","og_site_name":"Stavebn\u00ed firma Veversk\u00e9 Kn\u00ednice","article_modified_time":"2023-01-27T13:48:07+00:00","og_image":[{"url":"http:\/\/makubi.cz\/wp-content\/uploads\/2020\/01\/neve-web-design-bg-09.jpg"}],"twitter_card":"summary_large_image","schema":{"@context":"https:\/\/schema.org","@graph":[{"@type":"WebPage","@id":"https:\/\/makubi.cz\/?page_id=312","url":"https:\/\/makubi.cz\/?page_id=312","name":"O n\u00e1s - Stavebn\u00ed firma Veversk\u00e9 Kn\u00ednice","isPartOf":{"@id":"https:\/\/makubi.cz\/#website"},"datePublished":"2020-01-23T18:21:52+00:00","dateModified":"2023-01-27T13:48:07+00:00","breadcrumb":{"@id":"https:\/\/makubi.cz\/?page_id=312#breadcrumb"},"inLanguage":"cs","potentialAction":[{"@type":"ReadAction","target":["https:\/\/makubi.cz\/?page_id=312"]}]},{"@type":"BreadcrumbList","@id":"https:\/\/makubi.cz\/?page_id=312#breadcrumb","itemListElement":[{"@type":"ListItem","position":1,"name":"Dom\u016f","item":"https:\/\/makubi.cz\/"},{"@type":"ListItem","position":2,"name":"O n\u00e1s"}]},{"@type":"WebSite","@id":"https:\/\/makubi.cz\/#website","url":"https:\/\/makubi.cz\/","name":"Stavebn\u00ed firma Veversk\u00e9 Kn\u00ednice","description":"Stavebn\u00ed firma Veversk\u00e9 Kn\u00ednice","publisher":{"@id":"https:\/\/makubi.cz\/#organization"},"alternateName":"stavebn\u00ed firma Veverske Kninice","potentialAction":[{"@type":"SearchAction","target":{"@type":"EntryPoint","urlTemplate":"https:\/\/makubi.cz\/?s={search_term_string}"},"query-input":"required name=search_term_string"}],"inLanguage":"cs"},{"@type":"Organization","@id":"https:\/\/makubi.cz\/#organization","name":"Makubi s.r.o","alternateName":"Stavebni firma Veverske Kninice","url":"https:\/\/makubi.cz\/","logo":{"@type":"ImageObject","inLanguage":"cs","@id":"https:\/\/makubi.cz\/#\/schema\/logo\/image\/","url":"https:\/\/makubi.cz\/wp-content\/uploads\/2023\/01\/logo-1.jpg","contentUrl":"https:\/\/makubi.cz\/wp-content\/uploads\/2023\/01\/logo-1.jpg","width":650,"height":301,"caption":"Makubi s.r.o"},"image":{"@id":"https:\/\/makubi.cz\/#\/schema\/logo\/image\/"}}]}},"_links":{"self":[{"href":"https:\/\/makubi.cz\/index.php?rest_route=\/wp\/v2\/pages\/312","targetHints":{"allow":["GET"]}}],"collection":[{"href":"https:\/\/makubi.cz\/index.php?rest_route=\/wp\/v2\/pages"}],"about":[{"href":"https:\/\/makubi.cz\/index.php?rest_route=\/wp\/v2\/types\/page"}],"author":[{"embeddable":true,"href":"https:\/\/makubi.cz\/index.php?rest_route=\/wp\/v2\/users\/1"}],"replies":[{"embeddable":true,"href":"https:\/\/makubi.cz\/index.php?rest_route=%2Fwp%2Fv2%2Fcomments&post=312"}],"version-history":[{"count":3,"href":"https:\/\/makubi.cz\/index.php?rest_route=\/wp\/v2\/pages\/312\/revisions"}],"predecessor-version":[{"id":454,"href":"https:\/\/makubi.cz\/index.php?rest_route=\/wp\/v2\/pages\/312\/revisions\/454"}],"wp:attachment":[{"href":"https:\/\/makubi.cz\/index.php?rest_route=%2Fwp%2Fv2%2Fmedia&parent=312"}],"curies":[{"name":"wp","href":"https:\/\/api.w.org\/{rel}","templated":true}]}}