{"id":5,"date":"2020-01-13T11:17:52","date_gmt":"2020-01-13T11:17:52","guid":{"rendered":"https:\/\/demosites.io\/web-agency-gb\/?page_id=5"},"modified":"2023-01-31T13:13:39","modified_gmt":"2023-01-31T12:13:39","slug":"15c42-web-agency-gb-home","status":"publish","type":"page","link":"https:\/\/makubi.cz\/","title":{"rendered":"Stavebn\u00ed firma Veversk\u00e9 Kn\u00ednice"},"content":{"rendered":"\n<div class=\"wp-block-cover alignfull is-light\" style=\"min-height:700px;aspect-ratio:unset;\"><span aria-hidden=\"true\" class=\"wp-block-cover__background has-background-dim-0 has-background-dim\"><\/span><img loading=\"lazy\" decoding=\"async\" width=\"1920\" height=\"843\" class=\"wp-block-cover__image-background wp-image-13\" alt=\"\" src=\"https:\/\/makubi.cz\/wp-content\/uploads\/2023\/01\/cropped-office-worker-explaining-ground-plan-of-a-house-construction-picjumbo-com-scaled-1.jpg\" data-object-fit=\"cover\" srcset=\"https:\/\/makubi.cz\/wp-content\/uploads\/2023\/01\/cropped-office-worker-explaining-ground-plan-of-a-house-construction-picjumbo-com-scaled-1.jpg 1920w, https:\/\/makubi.cz\/wp-content\/uploads\/2023\/01\/cropped-office-worker-explaining-ground-plan-of-a-house-construction-picjumbo-com-scaled-1-300x132.jpg 300w, https:\/\/makubi.cz\/wp-content\/uploads\/2023\/01\/cropped-office-worker-explaining-ground-plan-of-a-house-construction-picjumbo-com-scaled-1-1024x450.jpg 1024w, https:\/\/makubi.cz\/wp-content\/uploads\/2023\/01\/cropped-office-worker-explaining-ground-plan-of-a-house-construction-picjumbo-com-scaled-1-768x337.jpg 768w, https:\/\/makubi.cz\/wp-content\/uploads\/2023\/01\/cropped-office-worker-explaining-ground-plan-of-a-house-construction-picjumbo-com-scaled-1-1536x674.jpg 1536w, https:\/\/makubi.cz\/wp-content\/uploads\/2023\/01\/cropped-office-worker-explaining-ground-plan-of-a-house-construction-picjumbo-com-scaled-1-137x60.jpg 137w\" sizes=\"auto, (max-width: 1920px) 100vw, 1920px\" \/><div class=\"wp-block-cover__inner-container is-layout-flow wp-block-cover-is-layout-flow\">\n<div style=\"height:80px\" aria-hidden=\"true\" class=\"wp-block-spacer\"><\/div>\n\n\n\n<h1 class=\"has-text-align-center has-text-color wp-block-heading\" style=\"color:#f23535;font-size:40px\">Na trhu stavebnictv\u00ed jsme ji\u017e od roku 2010. Za tuto dobu jsme spolupracovali p\u0159i mnoha spole\u010dn\u00fdch realizac\u00edch a z\u00edskali stovky spokojen\u00fdch klient\u016f, kter\u00fdm jsme mohli pomoci k lep\u0161\u00edmu bydlen\u00ed .<\/h1>\n\n\n\n<p class=\"has-text-align-center has-text-color\" style=\"color:#121212;font-size:17px\">.<\/p>\n\n\n\n<div class=\"wp-block-buttons is-horizontal is-content-justification-center is-layout-flex wp-container-core-buttons-is-layout-499968f5 wp-block-buttons-is-layout-flex\">\n<div class=\"wp-block-button is-style-secondary\"><a class=\"wp-block-button__link wp-element-button\" href=\"https:\/\/makubi.cz\/?page_id=31\">Kontaktujte n\u00e1s<\/a><\/div>\n<\/div>\n\n\n\n<div style=\"height:80px\" aria-hidden=\"true\" class=\"wp-block-spacer\"><\/div>\n\n\n\n<div style=\"height:80px\" aria-hidden=\"true\" class=\"wp-block-spacer\"><\/div>\n<\/div><\/div>\n\n\n\n<div style=\"height:80px\" aria-hidden=\"true\" class=\"wp-block-spacer\"><\/div>\n\n\n\n<div class=\"wp-block-columns is-layout-flex wp-container-core-columns-is-layout-9d6595d7 wp-block-columns-is-layout-flex\">\n<div class=\"wp-block-column is-layout-flow wp-block-column-is-layout-flow\"><div class=\"wp-block-image icon-style is-style-rounded\">\n<figure class=\"aligncenter size-large\"><img decoding=\"async\" src=\"https:\/\/makubi.cz\/wp-content\/uploads\/2020\/01\/neve-webdesign-GB-03.png\" alt=\"\" class=\"wp-image-20\" title=\"\"\/><\/figure>\n<\/div>\n\n\n<h3 class=\"has-text-align-center has-neve-text-color-color has-text-color wp-block-heading\">P\u0159\u00edzniv\u00e9 ceny<\/h3>\n\n\n\n<p class=\"has-text-align-center\">Zakl\u00e1d\u00e1me si na p\u0159izn\u00edv\u00fdch cen\u00e1ch jak pr\u00e1ce tak materi\u00e1lu<\/p>\n\n\n\n<div style=\"height:20px\" aria-hidden=\"true\" class=\"wp-block-spacer\"><\/div>\n<\/div>\n\n\n\n<div class=\"wp-block-column is-layout-flow wp-block-column-is-layout-flow\"><div class=\"wp-block-image icon-style is-style-rounded\">\n<figure class=\"aligncenter size-large\"><img decoding=\"async\" src=\"https:\/\/makubi.cz\/wp-content\/uploads\/2020\/01\/neve-webdesign-GB-04.png\" alt=\"\" class=\"wp-image-21\"\/><\/figure>\n<\/div>\n\n\n<h3 class=\"has-text-align-center has-neve-text-color-color has-text-color wp-block-heading\">Rychl\u00e9 vy\u0159\u00edzen\u00ed pr\u00e1ce<\/h3>\n\n\n\n<p class=\"has-text-align-center\">Na\u0161\u00edm heslem je rychlost, ale z\u00e1rove\u0148 pe\u010dlivost proveden\u00fdch prac\u00ed<\/p>\n\n\n\n<div style=\"height:20px\" aria-hidden=\"true\" class=\"wp-block-spacer\"><\/div>\n<\/div>\n\n\n\n<div class=\"wp-block-column is-layout-flow wp-block-column-is-layout-flow\"><div class=\"wp-block-image icon-style is-style-rounded\">\n<figure class=\"aligncenter size-large\"><img decoding=\"async\" src=\"https:\/\/makubi.cz\/wp-content\/uploads\/2020\/01\/neve-webdesign-GB-01.png\" alt=\"\" class=\"wp-image-18\"\/><\/figure>\n<\/div>\n\n\n<h3 class=\"has-text-align-center has-neve-text-color-color has-text-color wp-block-heading\">Spolehlivost<\/h3>\n\n\n\n<p class=\"has-text-align-center\">Domluven\u00fd term\u00edn je pro n\u00e1s z\u00e1vazn\u00fd.<\/p>\n\n\n\n<div style=\"height:20px\" aria-hidden=\"true\" class=\"wp-block-spacer\"><\/div>\n<\/div>\n<\/div>\n\n\n\n<div class=\"wp-block-cover alignfull\" style=\"min-height:420px;aspect-ratio:unset;\"><span aria-hidden=\"true\" class=\"wp-block-cover__background has-nv-light-bg-background-color has-background-dim-100 has-background-dim\"><\/span><div class=\"wp-block-cover__inner-container is-layout-flow wp-block-cover-is-layout-flow\">\n<div style=\"height:80px\" aria-hidden=\"true\" class=\"wp-block-spacer\"><\/div>\n\n\n\n<div class=\"wp-block-columns is-layout-flex wp-container-core-columns-is-layout-9d6595d7 wp-block-columns-is-layout-flex\">\n<div class=\"wp-block-column ticss-4ce656f1 is-layout-flow wp-block-column-is-layout-flow\">\n<figure class=\"wp-block-image size-full is-resized is-style-rounded\"><img loading=\"lazy\" decoding=\"async\" src=\"https:\/\/makubi.cz\/wp-content\/uploads\/2023\/01\/Mojmir-1.png\" alt=\"\" class=\"wp-image-412\" width=\"101\" height=\"86\" srcset=\"https:\/\/makubi.cz\/wp-content\/uploads\/2023\/01\/Mojmir-1.png 936w, https:\/\/makubi.cz\/wp-content\/uploads\/2023\/01\/Mojmir-1-300x258.png 300w, https:\/\/makubi.cz\/wp-content\/uploads\/2023\/01\/Mojmir-1-768x660.png 768w\" sizes=\"auto, (max-width: 101px) 100vw, 101px\" \/><\/figure>\n\n\n\n<p class=\"has-text-align-left has-neve-text-color-color has-text-color\">&#8222;Jak\u00fd m\u00e1 smysl b\u00fdt na\u017eivu, kdy\u017e se alespo\u0148 nepokus\u00ed\u0161 ud\u011blat n\u011bco pozoruhodn\u00e9ho?&#8220;<\/p>\n\n\n\n<p class=\"has-neve-text-color-color has-text-color\">MOJM\u00cdR GOTTWALD<\/p>\n\n\n\n<div style=\"height:20px\" aria-hidden=\"true\" class=\"wp-block-spacer\"><\/div>\n<\/div>\n\n\n\n<div class=\"wp-block-column ticss-f6fc7494 is-layout-flow wp-block-column-is-layout-flow\">\n<figure class=\"wp-block-image size-full is-resized is-style-rounded\"><img loading=\"lazy\" decoding=\"async\" src=\"https:\/\/makubi.cz\/wp-content\/uploads\/2023\/01\/Lukas-1.png\" alt=\"\" class=\"wp-image-449\" width=\"102\" height=\"87\" srcset=\"https:\/\/makubi.cz\/wp-content\/uploads\/2023\/01\/Lukas-1.png 936w, https:\/\/makubi.cz\/wp-content\/uploads\/2023\/01\/Lukas-1-300x258.png 300w, https:\/\/makubi.cz\/wp-content\/uploads\/2023\/01\/Lukas-1-768x660.png 768w\" sizes=\"auto, (max-width: 102px) 100vw, 102px\" \/><\/figure>\n\n\n\n<p class=\"has-text-align-left has-neve-text-color-color has-text-color\">\u201eLid\u00e9 ve sv\u00e9m \u017eivot\u011b nelituj\u00ed toho co ud\u011blali, ale toho co neud\u011blali.\u201c<\/p>\n\n\n\n<p class=\"has-neve-text-color-color has-text-color\">LUK\u00c1\u0160 MA\u0164A<\/p>\n\n\n\n<div style=\"height:20px\" aria-hidden=\"true\" class=\"wp-block-spacer\"><\/div>\n<\/div>\n\n\n\n<div class=\"wp-block-column ticss-a5b4df29 is-layout-flow wp-block-column-is-layout-flow\">\n<p class=\"has-neve-text-color-color has-text-color\"><\/p>\n\n\n\n<div style=\"height:20px\" aria-hidden=\"true\" class=\"wp-block-spacer\"><\/div>\n\n\n\n<p class=\"has-text-align-left has-neve-text-color-color has-text-color\"><\/p>\n<\/div>\n<\/div>\n\n\n\n<div style=\"height:30px\" aria-hidden=\"true\" class=\"wp-block-spacer\"><\/div>\n<\/div><\/div>\n\n\n\n<div class=\"wp-block-cover alignfull\" style=\"min-height:300px;aspect-ratio:unset;\"><span aria-hidden=\"true\" class=\"wp-block-cover__background has-nv-dark-bg-background-color has-background-dim-100 has-background-dim\"><\/span><div class=\"wp-block-cover__inner-container is-layout-flow wp-block-cover-is-layout-flow\">\n<div style=\"height:140px\" aria-hidden=\"true\" class=\"wp-block-spacer\"><\/div>\n\n\n\n<h2 class=\"has-text-align-center has-nv-text-dark-bg-color has-text-color wp-block-heading\">Poj\u010fme spolu pracovat na Va\u0161em projektu<\/h2>\n\n\n\n<p class=\"has-text-align-center\">\u201eZat\u00edmco ztr\u00e1c\u00edme sv\u016fj \u010das v\u00e1h\u00e1n\u00edm a odkl\u00e1d\u00e1n\u00edm, \u017eivot ut\u00edk\u00e1.\u201c<\/p>\n\n\n\n<div class=\"wp-block-buttons is-horizontal is-content-justification-center is-layout-flex wp-container-core-buttons-is-layout-499968f5 wp-block-buttons-is-layout-flex\">\n<div class=\"wp-block-button is-style-primary\"><a class=\"wp-block-button__link wp-element-button\" href=\"https:\/\/makubi.cz\/?page_id=75\">Za\u010dn\u011bte kontaktem<\/a><\/div>\n<\/div>\n\n\n\n<div style=\"height:140px\" aria-hidden=\"true\" class=\"wp-block-spacer\"><\/div>\n<\/div><\/div>\n","protected":false},"excerpt":{"rendered":"<p>P\u0159\u00edzniv\u00e9 ceny Zakl\u00e1d\u00e1me si na p\u0159izn\u00edv\u00fdch cen\u00e1ch jak pr\u00e1ce tak materi\u00e1lu Rychl\u00e9 vy\u0159\u00edzen\u00ed pr\u00e1ce Na\u0161\u00edm heslem je rychlost, ale z\u00e1rove\u0148 pe\u010dlivost proveden\u00fdch prac\u00ed Spolehlivost Domluven\u00fd term\u00edn je pro n\u00e1s z\u00e1vazn\u00fd.<\/p>\n","protected":false},"author":1,"featured_media":0,"parent":0,"menu_order":0,"comment_status":"closed","ping_status":"closed","template":"","meta":{"neve_meta_sidebar":"default","neve_meta_container":"default","neve_meta_enable_content_width":"on","neve_meta_content_width":100,"neve_meta_title_alignment":"","neve_meta_author_avatar":"","neve_post_elements_order":"","neve_meta_disable_header":"","neve_meta_disable_footer":"","neve_meta_disable_title":"on","ngg_post_thumbnail":0,"_themeisle_gutenberg_block_has_review":false,"_ti_tpc_template_sync":false,"_ti_tpc_template_id":"cwhkd9lki581rusuhjti","footnotes":""},"class_list":["post-5","page","type-page","status-publish","hentry"],"yoast_head":"<!-- This site is optimized with the Yoast SEO plugin v20.0 - https:\/\/yoast.com\/wordpress\/plugins\/seo\/ -->\n<title>Stavebn\u00ed firma Veversk\u00e9 Kn\u00ednice - Stavebn\u00ed firma Veversk\u00e9 Kn\u00ednice<\/title>\n<meta name=\"robots\" content=\"index, follow, max-snippet:-1, max-image-preview:large, max-video-preview:-1\" \/>\n<link rel=\"canonical\" href=\"https:\/\/makubi.cz\/\" \/>\n<meta property=\"og:locale\" content=\"cs_CZ\" \/>\n<meta property=\"og:type\" content=\"article\" \/>\n<meta property=\"og:title\" content=\"Stavebn\u00ed firma Veversk\u00e9 Kn\u00ednice - Stavebn\u00ed firma Veversk\u00e9 Kn\u00ednice\" \/>\n<meta property=\"og:description\" content=\"P\u0159\u00edzniv\u00e9 ceny Zakl\u00e1d\u00e1me si na p\u0159izn\u00edv\u00fdch cen\u00e1ch jak pr\u00e1ce tak materi\u00e1lu Rychl\u00e9 vy\u0159\u00edzen\u00ed pr\u00e1ce Na\u0161\u00edm heslem je rychlost, ale z\u00e1rove\u0148 pe\u010dlivost proveden\u00fdch prac\u00ed Spolehlivost Domluven\u00fd term\u00edn je pro n\u00e1s z\u00e1vazn\u00fd.\" \/>\n<meta property=\"og:url\" content=\"https:\/\/makubi.cz\/\" \/>\n<meta property=\"og:site_name\" content=\"Stavebn\u00ed firma Veversk\u00e9 Kn\u00ednice\" \/>\n<meta property=\"article:modified_time\" content=\"2023-01-31T12:13:39+00:00\" \/>\n<meta property=\"og:image\" content=\"http:\/\/makubi.cz\/wp-content\/uploads\/2023\/01\/cropped-office-worker-explaining-ground-plan-of-a-house-construction-picjumbo-com-scaled-1.jpg\" \/>\n<meta name=\"twitter:card\" content=\"summary_large_image\" \/>\n<meta name=\"twitter:label1\" content=\"Odhadovan\u00e1 doba \u010dten\u00ed\" \/>\n\t<meta name=\"twitter:data1\" content=\"2 minuty\" \/>\n<script type=\"application\/ld+json\" class=\"yoast-schema-graph\">{\"@context\":\"https:\/\/schema.org\",\"@graph\":[{\"@type\":\"WebPage\",\"@id\":\"https:\/\/makubi.cz\/\",\"url\":\"https:\/\/makubi.cz\/\",\"name\":\"Stavebn\u00ed firma Veversk\u00e9 Kn\u00ednice - Stavebn\u00ed firma Veversk\u00e9 Kn\u00ednice\",\"isPartOf\":{\"@id\":\"https:\/\/makubi.cz\/#website\"},\"datePublished\":\"2020-01-13T11:17:52+00:00\",\"dateModified\":\"2023-01-31T12:13:39+00:00\",\"breadcrumb\":{\"@id\":\"https:\/\/makubi.cz\/#breadcrumb\"},\"inLanguage\":\"cs\",\"potentialAction\":[{\"@type\":\"ReadAction\",\"target\":[\"https:\/\/makubi.cz\/\"]}]},{\"@type\":\"BreadcrumbList\",\"@id\":\"https:\/\/makubi.cz\/#breadcrumb\",\"itemListElement\":[{\"@type\":\"ListItem\",\"position\":1,\"name\":\"Dom\u016f\",\"item\":\"https:\/\/makubi.cz\/\"},{\"@type\":\"ListItem\",\"position\":2,\"name\":\"Stavebn\u00ed firma Veversk\u00e9 Kn\u00ednice\"}]},{\"@type\":\"WebSite\",\"@id\":\"https:\/\/makubi.cz\/#website\",\"url\":\"https:\/\/makubi.cz\/\",\"name\":\"Stavebn\u00ed firma Veversk\u00e9 Kn\u00ednice\",\"description\":\"Stavebn\u00ed firma Veversk\u00e9 Kn\u00ednice\",\"publisher\":{\"@id\":\"https:\/\/makubi.cz\/#organization\"},\"alternateName\":\"stavebn\u00ed firma Veverske Kninice\",\"potentialAction\":[{\"@type\":\"SearchAction\",\"target\":{\"@type\":\"EntryPoint\",\"urlTemplate\":\"https:\/\/makubi.cz\/?s={search_term_string}\"},\"query-input\":\"required name=search_term_string\"}],\"inLanguage\":\"cs\"},{\"@type\":\"Organization\",\"@id\":\"https:\/\/makubi.cz\/#organization\",\"name\":\"Makubi s.r.o\",\"alternateName\":\"Stavebni firma Veverske Kninice\",\"url\":\"https:\/\/makubi.cz\/\",\"logo\":{\"@type\":\"ImageObject\",\"inLanguage\":\"cs\",\"@id\":\"https:\/\/makubi.cz\/#\/schema\/logo\/image\/\",\"url\":\"https:\/\/makubi.cz\/wp-content\/uploads\/2023\/01\/logo-1.jpg\",\"contentUrl\":\"https:\/\/makubi.cz\/wp-content\/uploads\/2023\/01\/logo-1.jpg\",\"width\":650,\"height\":301,\"caption\":\"Makubi s.r.o\"},\"image\":{\"@id\":\"https:\/\/makubi.cz\/#\/schema\/logo\/image\/\"}}]}<\/script>\n<!-- \/ Yoast SEO plugin. -->","yoast_head_json":{"title":"Stavebn\u00ed firma Veversk\u00e9 Kn\u00ednice - Stavebn\u00ed firma Veversk\u00e9 Kn\u00ednice","robots":{"index":"index","follow":"follow","max-snippet":"max-snippet:-1","max-image-preview":"max-image-preview:large","max-video-preview":"max-video-preview:-1"},"canonical":"https:\/\/makubi.cz\/","og_locale":"cs_CZ","og_type":"article","og_title":"Stavebn\u00ed firma Veversk\u00e9 Kn\u00ednice - Stavebn\u00ed firma Veversk\u00e9 Kn\u00ednice","og_description":"P\u0159\u00edzniv\u00e9 ceny Zakl\u00e1d\u00e1me si na p\u0159izn\u00edv\u00fdch cen\u00e1ch jak pr\u00e1ce tak materi\u00e1lu Rychl\u00e9 vy\u0159\u00edzen\u00ed pr\u00e1ce Na\u0161\u00edm heslem je rychlost, ale z\u00e1rove\u0148 pe\u010dlivost proveden\u00fdch prac\u00ed Spolehlivost Domluven\u00fd term\u00edn je pro n\u00e1s z\u00e1vazn\u00fd.","og_url":"https:\/\/makubi.cz\/","og_site_name":"Stavebn\u00ed firma Veversk\u00e9 Kn\u00ednice","article_modified_time":"2023-01-31T12:13:39+00:00","og_image":[{"url":"http:\/\/makubi.cz\/wp-content\/uploads\/2023\/01\/cropped-office-worker-explaining-ground-plan-of-a-house-construction-picjumbo-com-scaled-1.jpg"}],"twitter_card":"summary_large_image","twitter_misc":{"Odhadovan\u00e1 doba \u010dten\u00ed":"2 minuty"},"schema":{"@context":"https:\/\/schema.org","@graph":[{"@type":"WebPage","@id":"https:\/\/makubi.cz\/","url":"https:\/\/makubi.cz\/","name":"Stavebn\u00ed firma Veversk\u00e9 Kn\u00ednice - Stavebn\u00ed firma Veversk\u00e9 Kn\u00ednice","isPartOf":{"@id":"https:\/\/makubi.cz\/#website"},"datePublished":"2020-01-13T11:17:52+00:00","dateModified":"2023-01-31T12:13:39+00:00","breadcrumb":{"@id":"https:\/\/makubi.cz\/#breadcrumb"},"inLanguage":"cs","potentialAction":[{"@type":"ReadAction","target":["https:\/\/makubi.cz\/"]}]},{"@type":"BreadcrumbList","@id":"https:\/\/makubi.cz\/#breadcrumb","itemListElement":[{"@type":"ListItem","position":1,"name":"Dom\u016f","item":"https:\/\/makubi.cz\/"},{"@type":"ListItem","position":2,"name":"Stavebn\u00ed firma Veversk\u00e9 Kn\u00ednice"}]},{"@type":"WebSite","@id":"https:\/\/makubi.cz\/#website","url":"https:\/\/makubi.cz\/","name":"Stavebn\u00ed firma Veversk\u00e9 Kn\u00ednice","description":"Stavebn\u00ed firma Veversk\u00e9 Kn\u00ednice","publisher":{"@id":"https:\/\/makubi.cz\/#organization"},"alternateName":"stavebn\u00ed firma Veverske Kninice","potentialAction":[{"@type":"SearchAction","target":{"@type":"EntryPoint","urlTemplate":"https:\/\/makubi.cz\/?s={search_term_string}"},"query-input":"required name=search_term_string"}],"inLanguage":"cs"},{"@type":"Organization","@id":"https:\/\/makubi.cz\/#organization","name":"Makubi s.r.o","alternateName":"Stavebni firma Veverske Kninice","url":"https:\/\/makubi.cz\/","logo":{"@type":"ImageObject","inLanguage":"cs","@id":"https:\/\/makubi.cz\/#\/schema\/logo\/image\/","url":"https:\/\/makubi.cz\/wp-content\/uploads\/2023\/01\/logo-1.jpg","contentUrl":"https:\/\/makubi.cz\/wp-content\/uploads\/2023\/01\/logo-1.jpg","width":650,"height":301,"caption":"Makubi s.r.o"},"image":{"@id":"https:\/\/makubi.cz\/#\/schema\/logo\/image\/"}}]}},"_links":{"self":[{"href":"https:\/\/makubi.cz\/index.php?rest_route=\/wp\/v2\/pages\/5","targetHints":{"allow":["GET"]}}],"collection":[{"href":"https:\/\/makubi.cz\/index.php?rest_route=\/wp\/v2\/pages"}],"about":[{"href":"https:\/\/makubi.cz\/index.php?rest_route=\/wp\/v2\/types\/page"}],"author":[{"embeddable":true,"href":"https:\/\/makubi.cz\/index.php?rest_route=\/wp\/v2\/users\/1"}],"replies":[{"embeddable":true,"href":"https:\/\/makubi.cz\/index.php?rest_route=%2Fwp%2Fv2%2Fcomments&post=5"}],"version-history":[{"count":16,"href":"https:\/\/makubi.cz\/index.php?rest_route=\/wp\/v2\/pages\/5\/revisions"}],"predecessor-version":[{"id":560,"href":"https:\/\/makubi.cz\/index.php?rest_route=\/wp\/v2\/pages\/5\/revisions\/560"}],"wp:attachment":[{"href":"https:\/\/makubi.cz\/index.php?rest_route=%2Fwp%2Fv2%2Fmedia&parent=5"}],"curies":[{"name":"wp","href":"https:\/\/api.w.org\/{rel}","templated":true}]}}